{"id":218,"date":"2025-03-17T14:34:58","date_gmt":"2025-03-17T14:34:58","guid":{"rendered":"https:\/\/transportescvu.cl\/?post_type=product&#038;p=218"},"modified":"2025-03-26T12:27:46","modified_gmt":"2025-03-26T12:27:46","slug":"bienestar-emocional","status":"publish","type":"product","link":"https:\/\/transportescvu.cl\/index.php\/producto\/bienestar-emocional\/","title":{"rendered":"Bienestar emocional"},"content":{"rendered":"","protected":false},"excerpt":{"rendered":"<div>Se necesita encontrar un balance o equilibrio en nuestra vida en el aspecto f\u00edsico,mental y emocional. Saber afrontar los problemas diarios que surgen buscando soluciones efectivas a trav\u00e9s del di\u00e1logo y la adaptaci\u00f3n. Nos sirve para apoyar a otras personas que se encuentren en circunstancias complejas y podamos aportar de manera significativa.<\/div>\n<div><\/div>\n","protected":false},"featured_media":219,"comment_status":"open","ping_status":"closed","template":"","meta":[],"product_brand":[],"product_cat":[21],"product_tag":[],"class_list":{"0":"post-218","1":"product","2":"type-product","3":"status-publish","4":"has-post-thumbnail","6":"product_cat-sin-categorizar","8":"first","9":"instock","10":"shipping-taxable","11":"product-type-simple"},"_links":{"self":[{"href":"https:\/\/transportescvu.cl\/index.php\/wp-json\/wp\/v2\/product\/218","targetHints":{"allow":["GET"]}}],"collection":[{"href":"https:\/\/transportescvu.cl\/index.php\/wp-json\/wp\/v2\/product"}],"about":[{"href":"https:\/\/transportescvu.cl\/index.php\/wp-json\/wp\/v2\/types\/product"}],"replies":[{"embeddable":true,"href":"https:\/\/transportescvu.cl\/index.php\/wp-json\/wp\/v2\/comments?post=218"}],"wp:featuredmedia":[{"embeddable":true,"href":"https:\/\/transportescvu.cl\/index.php\/wp-json\/wp\/v2\/media\/219"}],"wp:attachment":[{"href":"https:\/\/transportescvu.cl\/index.php\/wp-json\/wp\/v2\/media?parent=218"}],"wp:term":[{"taxonomy":"product_brand","embeddable":true,"href":"https:\/\/transportescvu.cl\/index.php\/wp-json\/wp\/v2\/product_brand?post=218"},{"taxonomy":"product_cat","embeddable":true,"href":"https:\/\/transportescvu.cl\/index.php\/wp-json\/wp\/v2\/product_cat?post=218"},{"taxonomy":"product_tag","embeddable":true,"href":"https:\/\/transportescvu.cl\/index.php\/wp-json\/wp\/v2\/product_tag?post=218"}],"curies":[{"name":"wp","href":"https:\/\/api.w.org\/{rel}","templated":true}]}}